{"id":4605,"date":"2022-06-03T11:38:06","date_gmt":"2022-06-03T11:38:06","guid":{"rendered":"https:\/\/suertecasinos.com\/?page_id=4605"},"modified":"2023-03-15T14:27:01","modified_gmt":"2023-03-15T14:27:01","slug":"casinos-con-deposito-minimo","status":"publish","type":"page","link":"https:\/\/suertecasinos.com\/mx\/casinos-con-deposito-minimo\/","title":{"rendered":"Casinos con dep\u00f3sito m\u00ednimo en M\u00e9xico"},"content":{"rendered":"<p>Los casinos con dep\u00f3sito m\u00ednimo bajo en M\u00e9xico son buscados por todo tipo de jugadores, incluyendo quienes tienen un gran presupuesto, pero quieren comenzar a jugar sin arriesgar mucha lana de entrada. En esta p\u00e1gina, encontrar\u00e1s <a href=\"https:\/\/suertecasinos.com\/mx\/\">los mejores casinos mexicanos<\/a> con dep\u00f3sito m\u00ednimo bajo, para que elijas la que m\u00e1s te guste y comiences a jugar tan pronto como quieras.<\/p>\n","protected":false},"excerpt":{"rendered":"<p>Los casinos con dep\u00f3sito m\u00ednimo bajo en M\u00e9xico son buscados por todo tipo de jugadores, incluyendo quienes tienen un gran presupuesto, pero quieren comenzar a jugar sin arriesgar mucha lana de entrada. En esta p\u00e1gina, encontrar\u00e1s los mejores casinos mexicanos con dep\u00f3sito m\u00ednimo bajo, para que elijas la que m\u00e1s te guste y comiences a [&hellip;]<\/p>\n","protected":false},"author":29,"featured_media":0,"parent":0,"menu_order":0,"comment_status":"closed","ping_status":"closed","template":"","meta":{"inline_featured_image":false,"footnotes":""},"class_list":["post-4605","page","type-page","status-publish","hentry"],"acf":{"main_content":[{"acf_fc_layout":"top_list_table","anchor_tag":"","choose_bg":"light","dyn_pop_test":"homepage","dyn_pop_oneliners":"oneliner","choose_layout":"vertical","top_list_count":10,"headline_text":"<h2><strong>Lista de los mejores casinos mexicanos con bajo dep\u00f3sito m\u00ednimo<\/strong><\/h2>","anable_logos":"yes"},{"acf_fc_layout":"content_section","anchor_tag":"\u00bfQu\u00e9 es un casino con dep\u00f3sito m\u00ednimo?","choose_bg":"light","choose_padding":"default","headline":"","headline_text":"<h2><strong>\u00bfQu\u00e9 es un casino con dep\u00f3sito m\u00ednimo?<\/strong><\/h2>\r\n<span style=\"font-weight: 400;\">Los casinos con dep\u00f3sito m\u00ednimo en M\u00e9xico son, realmente, todos. Es muy poco com\u00fan toparse con casinos online que no cuenten con una cantidad de dep\u00f3sito m\u00ednima. Sin embargo,\u00a0<\/span><strong>este t\u00e9rmino suele ser utilizado para referirse a los casinos online mexicanos con un dep\u00f3sito m\u00ednimo bajo<\/strong><span style=\"font-weight: 400;\">, el cual puede ser equivalente a solo 20 pesos mexicanos o, en algunos casos, incluso menos.<\/span>\r\n\r\n<span style=\"font-weight: 400;\">Los casinos online con dep\u00f3sito m\u00ednimo bajo que son legales en M\u00e9xico requieren de una licencia para operar de manera legal en el pa\u00eds. Esta licencia es otorgada por el gobierno y permite a los mexicanos jugar legalmente en sus sitios de apuestas favoritos.<\/span>","text_area":"","text_area_2":""},{"acf_fc_layout":"content_section","anchor_tag":"Ventajas de jugar en casinos","choose_bg":"light","choose_padding":"default","headline":"","headline_text":"<h2><strong>Ventajas de jugar en casinos con dep\u00f3sito m\u00ednimo bajo<\/strong><\/h2>\r\n<span style=\"font-weight: 400;\">Optar por jugar en un casino online con un dep\u00f3sito m\u00ednimo bajo est\u00e1 acompa\u00f1ado de una serie de ventajas, de las cuales pueden beneficiarse tanto jugadores nuevos como veteranos de la industria. Despu\u00e9s de todo, estas suelen estar asociadas al uso del dinero m\u00e1s que a cualquier otra cosa. Veamos cu\u00e1les son estas ventajas:<\/span>\r\n<ul>\r\n \t<li><span style=\"font-weight: 400;\">\u00a0\u00a0<\/span><strong>Capacidad de evaluar al m\u00e1ximo el casino con poco dinero<\/strong><span style=\"font-weight: 400;\">: Si bien todos los casinos online que recomendamos en Suerte Casinos son legales y est\u00e1n licenciados, no todo casino se adapta a tus particulares gustos. Al tener la opci\u00f3n de depositar poco dinero para jugar, podr\u00e1s evaluar bien a la web sin tener que acometer todo tu bankroll para hacerlo.<\/span><\/li>\r\n \t<li><span style=\"font-weight: 400;\">\u00a0\u00a0<\/span><strong>Bajo riesgo, pero alto potencial de ganancia<\/strong><span style=\"font-weight: 400;\">: Al no tener que depositar una gran cantidad de dinero para jugar, tendr\u00e1s la opci\u00f3n de probar juegos con botes altos o grandes premios sin la necesidad de gastar una gran cantidad de dinero. \u00a1Prueba tu suerte y corre menos riesgos al hacerlo!<\/span><\/li>\r\n \t<li><span style=\"font-weight: 400;\">\u00a0\u00a0<\/span><strong>Control total de tu presupuesto<\/strong><span style=\"font-weight: 400;\">: No es necesario ser millonario para jugar en las mejores webs de apuestas de M\u00e9xico. Jugar en casinos que se adapten a lo que necesitas y evitar gastar m\u00e1s de lo que realmente puedes darte el lujo de invertir en tu tiempo de ocio es un beneficio fundamental de casinos como estos.<\/span><\/li>\r\n \t<li><span style=\"font-weight: 400;\">\u00a0\u00a0<\/span><strong>Incre\u00edbles bonos con pocos pesos<\/strong><span style=\"font-weight: 400;\">: Algunos de los mejores casinos online del mercado te permitir\u00e1n obtener sus mejores bonificaciones con dep\u00f3sitos bajos. \u00a1Saca provecho de estas webs y obt\u00e9n giros gratis o dinero gratis para que disfrutes de los mejores juegos del casino sin necesidad de pagar un solo peso adicional!<\/span><\/li>\r\n<\/ul>","text_area":"","text_area_2":""},{"acf_fc_layout":"content_section","anchor_tag":"Caracter\u00edsticas de los mejores casinos mexicanos","choose_bg":"light","choose_padding":"default","headline":"","headline_text":"<h2><strong>Caracter\u00edsticas de los mejores casinos mexicanos con bajo dep\u00f3sito m\u00ednimo<\/strong><\/h2>\r\n<span style=\"font-weight: 400;\">Los grandes casinos online con dep\u00f3sito m\u00ednimo bajo se diferencian del resto al contar con una serie de caracter\u00edsticas \u00fanicas que, adem\u00e1s de hacerlos m\u00e1s chidos que un casino promedio, los convierten en webs de apuestas legales. Te dar\u00e1s cuenta que todas las webs de las que hablamos en este art\u00edculo cumplen, en general, con los siguientes puntos.<\/span>\r\n<ul>\r\n \t<li><span style=\"font-weight: 400;\">\u00a0\u00a0<\/span><a href=\"https:\/\/suertecasinos.com\/mx\/bonos-de-casino\/\"><strong>Bonos<\/strong><\/a><span style=\"font-weight: 400;\">: Muchos casinos con dep\u00f3sito m\u00ednimo bajo ofrecen la opci\u00f3n de obtener bonos con un peque\u00f1o dep\u00f3sito, pero, de igual forma, un casino debe ofrecer bonos a sus jugadores a\u00fan cuando se requiera un dep\u00f3sito m\u00e1s grande.<\/span><\/li>\r\n \t<li><span style=\"font-weight: 400;\">\u00a0\u00a0<\/span><strong>Restricciones de retiro<\/strong><span style=\"font-weight: 400;\">: Te encontrar\u00e1s con casinos online con dep\u00f3sito m\u00ednimo bajo que imponen restricciones de retiro a quienes opten por jugar con la m\u00ednima cantidad de dinero. Esto es una pr\u00e1ctica legal, pero consideramos que las mejores webs que aceptan dep\u00f3sitos bajos tambi\u00e9n permiten retiros de cantidades de dinero reducidas.<\/span><\/li>\r\n \t<li><span style=\"font-weight: 400;\">\u00a0\u00a0<\/span><strong>T\u00e9rminos y condiciones<\/strong><span style=\"font-weight: 400;\">: Es importante jugar en casinos online que cuenten con t\u00e9rminos y condiciones que sean amigables para el jugador. Evita problemas al momento de retirar o de obtener promociones jugando en webs que no abusen de la confianza del usuario.<\/span><\/li>\r\n \t<li><span style=\"font-weight: 400;\">\u00a0\u00a0<\/span><strong>Autorizaci\u00f3n de la SEGOB<\/strong><span style=\"font-weight: 400;\">: Muchas webs internacionales ofrecen a sus usuarios la opci\u00f3n de depositar poco dinero para jugar, pero es importante que juegues en webs autorizadas por la SEGOB si quieres evitar problemas legales a largo plazo. \u00a1Hay muchos casinos con un dep\u00f3sito m\u00ednimo bajo en M\u00e9xico!<\/span><\/li>\r\n \t<li><span style=\"font-weight: 400;\">\u00a0\u00a0<\/span><a href=\"https:\/\/suertecasinos.com\/mx\/juegos-de-casino\/\"><strong>Juegos y secciones<\/strong><\/a><span style=\"font-weight: 400;\">: Lo m\u00e1s importante de un casino online, adem\u00e1s de su legitimidad, es su variedad de juegos. Deposita poco dinero y juega todo tipo de t\u00edtulos de casino online en los mejores casinos con dep\u00f3sito m\u00ednimo en M\u00e9xico.<\/span><\/li>\r\n<\/ul>","text_area":"","text_area_2":""},{"acf_fc_layout":"content_section","anchor_tag":"","choose_bg":"light","choose_padding":"default","headline":"","headline_text":"<h2><strong>22Bet M\u00e9xico, uno de los mejores casinos mexicanos con dep\u00f3sito m\u00ednimo<\/strong><\/h2>\r\n<img class=\"alignnone size-full wp-image-4606\" src=\"https:\/\/suertecasinos.com\/wp-content\/uploads\/2022\/07\/22bet-bono-casino.jpg\" alt=\"22bet bono mexico\" width=\"1168\" height=\"632\" \/>","text_area":"","text_area_2":""},{"acf_fc_layout":"logo_carousel","anchor_tag":"Tipos de casinos con dep\u00f3sito m\u00ednimo","headline_text":"<h2><strong>Tipos de casinos con dep\u00f3sito m\u00ednimo en M\u00e9xico<\/strong><\/h2>\r\n<span style=\"font-weight: 400;\">Como hemos establecido hasta ahora, los casinos con dep\u00f3sito m\u00ednimo bajo son a los que nos referimos cuando hablamos de una web con dep\u00f3sito m\u00ednimo en M\u00e9xico. Despu\u00e9s de todo, los jugadores suelen buscar este tipo de casinos y preferirlos por la capacidad que tienen de ofrecer una experiencia sin comprometer una gran cantidad de billete.<\/span>\r\n\r\n<span style=\"font-weight: 400;\">Adem\u00e1s de este tipo de casino, tambi\u00e9n encontrar\u00e1s otro tipo de casinos con dep\u00f3sito m\u00ednimo bajo en M\u00e9xico. Estos son todos los tipos de casinos con los que te podr\u00e1s topar:<\/span>","carousel":[{"image":"","text_area":"<h3><strong>Casinos mexicanos con dep\u00f3sito m\u00ednimo bajo<\/strong><\/h3>\r\n<span style=\"font-weight: 400;\">Un casino online con dep\u00f3sito m\u00ednimo bajo es una web que te permitir\u00e1 jugar con unos pocos pesos. Estos casinos no te limitar\u00e1n a jugar cierto tipo de juegos, sino que ponen a tu disposici\u00f3n los mejores juegos de la industria, pero sin la necesidad de apostar dinero extra para disfrutar de ellos. Son ideales para todo tipo de jugadores.<\/span>"},{"image":"","text_area":"<h3><strong>Casinos mexicanos con dep\u00f3sito m\u00ednimo alto<\/strong><\/h3>\r\n<span style=\"font-weight: 400;\">Algunos casinos online no permitir\u00e1n dep\u00f3sitos menores a 400 pesos, lo que puede ser inconveniente para jugadores con un presupuesto limitado. Este tipo de casinos suele tener promociones especiales para high rollers, o bien permitir retiros de mayores cantidades de dinero y retiro m\u00ednimos iguales a la menor cantidad de dep\u00f3sito permitida.<\/span>"},{"image":"","text_area":"<h3><strong>Casinos con retiros y dep\u00f3sitos distintos<\/strong><\/h3>\r\n<span style=\"font-weight: 400;\">Los casinos con retiros y dep\u00f3sitos que requieren cantidades distintas pueden ser de dep\u00f3sitos m\u00ednimos altos o bajos. Sin embargo, es com\u00fan que sean casinos con dep\u00f3sitos m\u00ednimos bajos. Esto hace que los jugadores deban depositar m\u00e1s dinero antes de poder retirar. Un claro ejemplo ser\u00eda un casino con dep\u00f3sito m\u00ednimo bajo de 100 pesos y con un monto m\u00ednimo de retiro de 400.<\/span>"},{"image":"","text_area":"<h3><strong>Casinos mexicanos con dep\u00f3sitos m\u00ednimos bajos para sus bonos<\/strong><\/h3>\r\n<span style=\"font-weight: 400;\">Una subcategor\u00eda de los casinos con dep\u00f3sitos m\u00ednimos bajos, y una que no puede ser tomada por sentado, es la de los casinos online que ofrecen dep\u00f3sitos m\u00ednimos bajos y que, adem\u00e1s, te permiten obtener bonificaciones al depositar poco dinero. \u00a1Saca provecho de estas webs para probar c\u00f3mo funciona un bono de casino sin comprometer todo tu bankroll!<\/span>"}]},{"acf_fc_layout":"logo_carousel","anchor_tag":"Tipos de bonos en casinos con dep\u00f3sito m\u00ednimo","headline_text":"<h2><strong>Tipos de bonos en casinos con dep\u00f3sito m\u00ednimo bajo en M\u00e9xico<\/strong><\/h2>\r\n<span style=\"font-weight: 400;\">Las <a href=\"https:\/\/suertecasinos.com\/mx\/bonos-de-casino\/\">bonificaciones de casino online<\/a> te ayudar\u00e1n a ser recompensado al jugar en un casino online con dep\u00f3sito m\u00ednimo bajo en M\u00e9xico. Naturalmente, existen una serie de requisitos que acompa\u00f1an a los bonos de un casino online. Esto puede significar que hacer un dep\u00f3sito m\u00ednimo no se traduzca en la obtenci\u00f3n de un bono.<\/span>\r\n\r\n<span style=\"font-weight: 400;\">Sin embargo, s\u00ed existen bonos padres que te ayudar\u00e1n a jugar con dinero extra, o recibir giros gratis, en tus casinos mexicanos favoritos. Te hablaremos un poco de ellos para que tengas una mejor idea de c\u00f3mo funciona cada uno:<\/span>","carousel":[{"image":4456,"text_area":"<h3><strong>Bonos sin dep\u00f3sito<\/strong><\/h3>\r\n<span style=\"font-weight: 400;\">El tipo de bono con el que m\u00e1s com\u00fanmente podr\u00e1s disfrutar de un ingreso relativamente decente, sin tener que pagar m\u00e1s del monto m\u00ednimo, es precisamente el bono sin dep\u00f3sito. No es tan com\u00fan en las mejores webs de M\u00e9xico, \u00a1pero s\u00ed es extremadamente popular entre sus visitantes!<\/span>"},{"image":4464,"text_area":"<h3><strong>Bonos VIP \/ de lealtad<\/strong><\/h3>\r\n<span style=\"font-weight: 400;\">Los bonos de lealtad son otorgados a los usuarios de acuerdo a c\u00f3mo se desempe\u00f1an en el casino. Aunque realices un dep\u00f3sito bajo, un buen rendimiento y s\u00f3lidas ganancias te garantizar\u00e1n acceso a los bonos de lealtad del casino con programas VIP de tu preferencia.<\/span>"},{"image":4462,"text_area":"<h3><strong>Bonos de cashback<\/strong><\/h3>\r\n<span style=\"font-weight: 400;\">Los bonos de reembolso se calculan en base a tus p\u00e9rdidas totales y no est\u00e1n atados a la cantidad de dinero que depositas en el casino de tu preferencia. Por eso, a\u00fan cuando te apegues al monto de dep\u00f3sito m\u00ednimo, algunos casinos mexicanos te dar\u00e1n bonos de reembolso.<\/span>"},{"image":4454,"text_area":"<h3><strong>Bonos de bienvenida<\/strong><\/h3>\r\n<span style=\"font-weight: 400;\">Es poco com\u00fan que los casinos con dep\u00f3sito m\u00ednimo bajo te permitan obtener un bono de bienvenida si te apegas a ese monto, pero algunas webs te dejar\u00e1n recibir un poco de dinero gratis o de giros gratis al hacerlo.<\/span>"},{"image":4460,"text_area":"<h3><strong>Bonos de recarga<\/strong><\/h3>\r\n<span style=\"font-weight: 400;\">Los bonos de recarga son ofertas especiales que funcionan como los bonos de bienvenida (deben activarse con un dep\u00f3sito) y, al igual que ellos, usualmente requieren al usuario depositar una cantidad superior al monto m\u00ednimo para activarlos.<\/span>"}]},{"acf_fc_layout":"content_section","anchor_tag":"M\u00e9todos de pago mexicanos en casinos","choose_bg":"light","choose_padding":"default","headline":"","headline_text":"<h2><strong>M\u00e9todos de pago mexicanos en casinos con dep\u00f3sito m\u00ednimo bajo<\/strong><\/h2>\r\nNo todos los m\u00e9todos de pago de los casinos online mexicanos est\u00e1n disponibles en las webs que operan con requisitos de dep\u00f3sito bajos. Aun as\u00ed, los m\u00e9todos m\u00e1s respetables a nivel mundial s\u00ed suelen estarlo. Veamos cu\u00e1les son los m\u00e9todos de pago que principalmente encontrar\u00e1s en los grandes casinos online del pa\u00eds que permiten dep\u00f3sitos desde 20 pesos en adelante:\r\n<ul>\r\n \t<li><strong>Visa<\/strong><\/li>\r\n \t<li><strong>MasterCard<\/strong><\/li>\r\n \t<li><strong>PayPal<\/strong><\/li>\r\n \t<li><strong>E-wallets<\/strong><\/li>\r\n \t<li><strong>Paysafecard<\/strong><\/li>\r\n \t<li><strong>M\u00e9todos<\/strong>\u00a0<strong>de pago locales<\/strong><\/li>\r\n \t<li><strong>Transferencias a bancos mexicanos<\/strong><\/li>\r\n<\/ul>","text_area":"","text_area_2":""},{"acf_fc_layout":"logo_carousel","anchor_tag":"Proveedores de software en casinos mexicanos","headline_text":"<h2><strong>Proveedores de software en casinos mexicanos con dep\u00f3sito m\u00ednimo<\/strong><\/h2>\r\nLa calidad de los juegos con los que te topar\u00e1s en las grandes webs del pa\u00eds con bajo dep\u00f3sito m\u00ednimo no es inferior a la de cualquier otra p\u00e1gina de juegos. De hecho, los juegos que encontrar\u00e1s son pr\u00e1cticamente los mismos.\r\n\r\nLo \u00fanico que debes tomar en cuenta es la presencia de los mejores desarrolladores de juegos de la industria o, en su defecto, que tu proveedor de juegos favorito est\u00e9 presente en el casino de tu preferencia.\r\n\r\nEstos son los principales desarrolladores de software que encontrar\u00e1s en casinos online con dep\u00f3sito m\u00ednimo en M\u00e9xico:","carousel":[{"image":4538,"text_area":"<h3>NetEnt<\/h3>"},{"image":4540,"text_area":"<h3>Microgaming<\/h3>"},{"image":4569,"text_area":"<h3>Play'N Go<\/h3>"},{"image":4548,"text_area":"<h3>Red Tiger Gaming<\/h3>"},{"image":4544,"text_area":"<h3>Pragmatic Play<\/h3>"},{"image":4542,"text_area":"<h3>Evolution Gaming<\/h3>"}]},{"acf_fc_layout":"pros_and_cons","anchor_tag":"Pros y contras","headline_text":"<h2><strong>Pros y contras<\/strong><\/h2>","pros":[{"list_item":"No debes contar con un gran presupuesto para jugar"},{"list_item":"Cuentan con los mejores juegos del mundo de los casinos"},{"list_item":"Algunos casinos te otorgan bonos de bienvenida con dep\u00f3sito bajos"},{"list_item":"Podr\u00e1s apostar en deportes con tu dep\u00f3sito"}],"cons":[{"list_item":"La mayor\u00eda de los bonos con dep\u00f3sito no se activan con el dep\u00f3sito m\u00ednimo"},{"list_item":"Puede que debas depositar m\u00e1s dinero antes de poder retirar"}],"text_area":""},{"acf_fc_layout":"content_section","anchor_tag":"Conclusi\u00f3n","choose_bg":"light","choose_padding":"default","headline":"","headline_text":"<h2><strong>Conclusi\u00f3n<\/strong><\/h2>\r\nLos casinos con un dep\u00f3sito m\u00ednimo bajo te dan la opci\u00f3n de jugar online sin necesidad de que deposites grandes cantidades de dinero. La versatilidad de juego no es algo que debamos tomar por sentado y, por eso, el equipo de Suerte Casinos recomienda ampliamente a las mejores webs de apuestas con dep\u00f3sito m\u00ednimo.\r\n\r\nRecuerda visitar los casinos licenciados por el SEGOB y utilizar nuestra gu\u00eda para jugar con poco dinero en las mejores webs de apuestas del pa\u00eds.","text_area":"","text_area_2":""},{"acf_fc_layout":"dropdown_component","anchor_tag":"Preguntas frecuentes","headline_text":"<h2><strong>Preguntas frecuentes<\/strong><\/h2>","dropdown":[{"headline":"\u00bfPuedo jugar con 20 pesos en un casino online mexicano?","text_area":"Hay casinos online mexicanos que ofrecen dep\u00f3sitos m\u00ednimos de tan solo un d\u00f3lar americano, lo que equivaldr\u00eda, al momento de escribir este art\u00edculo, a tan solo 20 pesos mexicanos."},{"headline":"\u00bfSon seguros los casinos mexicanos con bajo dep\u00f3sito m\u00ednimo?","text_area":"Los casinos online mexicanos con dep\u00f3sito m\u00ednimo bajo son tan seguros como cualquier otro casino online que opere legalmente dentro de M\u00e9xico."},{"headline":"\u00bfCu\u00e1l es el dep\u00f3sito m\u00ednimo de un casino mexicano legal?","text_area":"El dep\u00f3sito m\u00ednimo de un casino mexicano legal var\u00eda de acuerdo a las reglas del casino y a los m\u00e9todos de pago disponibles. Sin embargo, puede llegar a ser tan bajo como 20 pesos o, en algunos casos, incluso menos."},{"headline":"\u00bfCu\u00e1l es el dep\u00f3sito m\u00ednimo en un casino online mexicano?","text_area":"El dep\u00f3sito m\u00ednimo es la cantidad m\u00ednima de pesos que puedes depositar en un casino online para poder jugar. Esta puede ser igual, o inferior, a la cantidad m\u00ednima de retiro."},{"headline":"\u00bfD\u00f3nde encontrar los mejores casinos con dep\u00f3sito bajo en M\u00e9xico?","text_area":"Podr\u00e1s encontrar los mejores casinos online mexicanos con dep\u00f3sito m\u00ednimo bajo en Suerte Casinos. \u00a1Opta por visitar cualquiera de los casinos legales de los que hablamos en esta p\u00e1gina!"}],"text_area":""}]},"_links":{"self":[{"href":"https:\/\/suertecasinos.com\/mx\/wp-json\/wp\/v2\/pages\/4605"}],"collection":[{"href":"https:\/\/suertecasinos.com\/mx\/wp-json\/wp\/v2\/pages"}],"about":[{"href":"https:\/\/suertecasinos.com\/mx\/wp-json\/wp\/v2\/types\/page"}],"author":[{"embeddable":true,"href":"https:\/\/suertecasinos.com\/mx\/wp-json\/wp\/v2\/users\/29"}],"replies":[{"embeddable":true,"href":"https:\/\/suertecasinos.com\/mx\/wp-json\/wp\/v2\/comments?post=4605"}],"version-history":[{"count":4,"href":"https:\/\/suertecasinos.com\/mx\/wp-json\/wp\/v2\/pages\/4605\/revisions"}],"predecessor-version":[{"id":7569,"href":"https:\/\/suertecasinos.com\/mx\/wp-json\/wp\/v2\/pages\/4605\/revisions\/7569"}],"wp:attachment":[{"href":"https:\/\/suertecasinos.com\/mx\/wp-json\/wp\/v2\/media?parent=4605"}],"curies":[{"name":"wp","href":"https:\/\/api.w.org\/{rel}","templated":true}]}}